{"id":432,"date":"2016-02-10T22:38:52","date_gmt":"2016-02-10T21:38:52","guid":{"rendered":"http:\/\/ozvlna.org\/?page_id=432"},"modified":"2020-02-24T14:07:46","modified_gmt":"2020-02-24T13:07:46","slug":"klub-deti-srdce-pre-deti","status":"publish","type":"page","link":"https:\/\/ozvlna.org\/?page_id=432","title":{"rendered":"Klub det\u00ed Srdce pre deti"},"content":{"rendered":"<p>Klub det\u00ed \u201eSrdce pre deti\u201c je snahou vytvori\u0165 pr\u00edjemn\u00e9 a podnetn\u00e9 prostredie pre rozvoj det\u00ed <strong>pred\u0161kolsk\u00e9ho veku<\/strong> (4-6 rokov) a\u00a0pomocou <strong>hry<\/strong> podporova\u0165 ich \u00faspe\u0161n\u00e9 za\u010dlenenie do rovesn\u00edckej skupiny. Je to <strong>kres\u0165ansk\u00fd<\/strong> klub so zameran\u00edm na <strong>v\u0161estrann\u00fd rozvoj die\u0165a\u0165a, hodnoty a\u00a0vz\u0165ahy<\/strong> medzi rovesn\u00edkmi v\u00a0<strong>tvorivom<\/strong> prostred\u00ed. Chce pom\u00f4c\u0165 rodin\u00e1m pri zabezpe\u010dovan\u00ed zmyslupln\u00e9ho programu pre deti, ale je len podpornou v\u00fdchovnou aktivitou pre rodinu, na ktorej ost\u00e1va \u0165a\u017eisko v\u00fdchovy. Preto je pre n\u00e1s ve\u013emi d\u00f4le\u017eit\u00e1 nepretr\u017eit\u00e1 spolupr\u00e1ca s\u00a0rodi\u010dmi, komunik\u00e1cia s\u00a0nimi a\u00a0sp\u00e4tn\u00e1 v\u00e4zba.<\/p>\n<p>Tento model klubu nadv\u00e4zuje a\u00a0\u010derp\u00e1 zo sk\u00fasenost\u00ed klubu det\u00ed K\u013e\u00fa\u010d k\u00a0de\u0165om organizovan\u00e9ho vy\u0161e 15 rokov organiz\u00e1ciou YWAM (Ml\u00e1de\u017e s\u00a0misiou).<\/p>\n<p>Klub je zastre\u0161ovan\u00fd ob\u010dianskym zdru\u017een\u00edm OZ VLNA.<\/p>\n<p>&nbsp;<\/p>\n<p>\u010cinnos\u0165 v\u00a0klube:<\/p>\n<p><strong>v\u00a0pracovn\u00fdch d\u0148och mimo \u0161kolsk\u00fdch pr\u00e1zdnin<\/strong> v\u00a0\u010dase od <strong>8,00-13,30<\/strong><br \/>\nv\u00a0priestoroch klubovne OZ Vlna, Janka Kr\u00e1\u013ea 20,<br \/>\nChorv\u00e1tsky Grob \u2013 \u010cierna Voda<\/p>\n<p>pondelok \u2013 pohybov\u00e9 a\u00a0eduka\u010dn\u00e9 hry<br \/>\nutorok \u2013 pred\u0161kolsk\u00e1 pr\u00edprava<br \/>\nstreda \u2013 hudobno-pohybov\u00e9 aktivity<br \/>\n\u0161tvrtok \u2013 angli\u010dtina<br \/>\npiatok \u2013 \u00e1trium Dobr\u00e9ho pastiera<\/p>\n<p>Kontakt: \u00a0\u00a0\u00a0\u00a0\u00a0\u00a0\u00a0\u00a0\u00a0\u00a0\u00a0\u00a0 <a href=\"mailto:klubik.srdcepredeti@gmail.com\"><strong>klubik.srdcepredeti@gmail.com<\/strong><\/a><\/p>\n<p>&nbsp;<\/p>\n<p><a href=\"http:\/\/ozvlna.org\/wp-content\/uploads\/2016\/02\/IMG-20191115-WA0034.jpeg\"><img loading=\"lazy\" decoding=\"async\" class=\"aligncenter wp-image-655 size-large\" src=\"http:\/\/ozvlna.org\/wp-content\/uploads\/2016\/02\/IMG-20191115-WA0034-e1582549627967-1024x575.jpeg\" alt=\"nor\" width=\"584\" height=\"327\" srcset=\"https:\/\/ozvlna.org\/wp-content\/uploads\/2016\/02\/IMG-20191115-WA0034-e1582549627967-1024x575.jpeg 1024w, https:\/\/ozvlna.org\/wp-content\/uploads\/2016\/02\/IMG-20191115-WA0034-e1582549627967-150x84.jpeg 150w, https:\/\/ozvlna.org\/wp-content\/uploads\/2016\/02\/IMG-20191115-WA0034-e1582549627967-300x168.jpeg 300w, https:\/\/ozvlna.org\/wp-content\/uploads\/2016\/02\/IMG-20191115-WA0034-e1582549627967-500x280.jpeg 500w\" sizes=\"auto, (max-width: 584px) 100vw, 584px\" \/><\/a> <a href=\"http:\/\/ozvlna.org\/wp-content\/uploads\/2016\/02\/IMG-20200204-WA0005.jpg\"><img loading=\"lazy\" decoding=\"async\" class=\"aligncenter size-large wp-image-656\" src=\"http:\/\/ozvlna.org\/wp-content\/uploads\/2016\/02\/IMG-20200204-WA0005-1024x768.jpg\" alt=\"IMG-20200204-WA0005\" width=\"584\" height=\"438\" srcset=\"https:\/\/ozvlna.org\/wp-content\/uploads\/2016\/02\/IMG-20200204-WA0005-1024x768.jpg 1024w, https:\/\/ozvlna.org\/wp-content\/uploads\/2016\/02\/IMG-20200204-WA0005-150x112.jpg 150w, https:\/\/ozvlna.org\/wp-content\/uploads\/2016\/02\/IMG-20200204-WA0005-300x225.jpg 300w, https:\/\/ozvlna.org\/wp-content\/uploads\/2016\/02\/IMG-20200204-WA0005-400x300.jpg 400w, https:\/\/ozvlna.org\/wp-content\/uploads\/2016\/02\/IMG-20200204-WA0005.jpg 1600w\" sizes=\"auto, (max-width: 584px) 100vw, 584px\" \/><\/a> <a href=\"http:\/\/ozvlna.org\/wp-content\/uploads\/2016\/02\/P1240544.jpg\"><img loading=\"lazy\" decoding=\"async\" class=\"aligncenter wp-image-657 size-large\" src=\"http:\/\/ozvlna.org\/wp-content\/uploads\/2016\/02\/P1240544-e1582549647293-768x1024.jpg\" alt=\"P1240544\" width=\"584\" height=\"778\" srcset=\"https:\/\/ozvlna.org\/wp-content\/uploads\/2016\/02\/P1240544-e1582549647293-768x1024.jpg 768w, https:\/\/ozvlna.org\/wp-content\/uploads\/2016\/02\/P1240544-e1582549647293-112x150.jpg 112w, https:\/\/ozvlna.org\/wp-content\/uploads\/2016\/02\/P1240544-e1582549647293-225x300.jpg 225w, https:\/\/ozvlna.org\/wp-content\/uploads\/2016\/02\/P1240544-e1582549647293.jpg 1536w\" sizes=\"auto, (max-width: 584px) 100vw, 584px\" \/><\/a><\/p>\n<p><a href=\"http:\/\/ozvlna.org\/wp-content\/uploads\/2016\/02\/klubik1.jpg\"><img loading=\"lazy\" decoding=\"async\" class=\"aligncenter size-large wp-image-484\" src=\"http:\/\/ozvlna.org\/wp-content\/uploads\/2016\/02\/klubik1-1024x764.jpg\" alt=\"klubik1\" width=\"584\" height=\"435\" srcset=\"https:\/\/ozvlna.org\/wp-content\/uploads\/2016\/02\/klubik1-1024x764.jpg 1024w, https:\/\/ozvlna.org\/wp-content\/uploads\/2016\/02\/klubik1-150x111.jpg 150w, https:\/\/ozvlna.org\/wp-content\/uploads\/2016\/02\/klubik1-300x223.jpg 300w, https:\/\/ozvlna.org\/wp-content\/uploads\/2016\/02\/klubik1-402x300.jpg 402w, https:\/\/ozvlna.org\/wp-content\/uploads\/2016\/02\/klubik1.jpg 1182w\" sizes=\"auto, (max-width: 584px) 100vw, 584px\" \/><\/a><\/p>\n<p><a href=\"http:\/\/ozvlna.org\/wp-content\/uploads\/2016\/02\/klubik2.jpg\"><img loading=\"lazy\" decoding=\"async\" class=\"aligncenter size-large wp-image-485\" src=\"http:\/\/ozvlna.org\/wp-content\/uploads\/2016\/02\/klubik2-1024x581.jpg\" alt=\"klubik2\" width=\"584\" height=\"331\" srcset=\"https:\/\/ozvlna.org\/wp-content\/uploads\/2016\/02\/klubik2-1024x581.jpg 1024w, https:\/\/ozvlna.org\/wp-content\/uploads\/2016\/02\/klubik2-150x85.jpg 150w, https:\/\/ozvlna.org\/wp-content\/uploads\/2016\/02\/klubik2-300x170.jpg 300w, https:\/\/ozvlna.org\/wp-content\/uploads\/2016\/02\/klubik2-500x284.jpg 500w, https:\/\/ozvlna.org\/wp-content\/uploads\/2016\/02\/klubik2.jpg 1269w\" sizes=\"auto, (max-width: 584px) 100vw, 584px\" \/><\/a><\/p>\n<p><a href=\"http:\/\/ozvlna.org\/wp-content\/uploads\/2016\/02\/klubik3.jpg\"><img loading=\"lazy\" decoding=\"async\" class=\"aligncenter size-large wp-image-486\" src=\"http:\/\/ozvlna.org\/wp-content\/uploads\/2016\/02\/klubik3-1024x576.jpg\" alt=\"klubik3\" width=\"584\" height=\"328\" srcset=\"https:\/\/ozvlna.org\/wp-content\/uploads\/2016\/02\/klubik3-1024x576.jpg 1024w, https:\/\/ozvlna.org\/wp-content\/uploads\/2016\/02\/klubik3-150x84.jpg 150w, https:\/\/ozvlna.org\/wp-content\/uploads\/2016\/02\/klubik3-300x168.jpg 300w, https:\/\/ozvlna.org\/wp-content\/uploads\/2016\/02\/klubik3-500x281.jpg 500w, https:\/\/ozvlna.org\/wp-content\/uploads\/2016\/02\/klubik3.jpg 1271w\" sizes=\"auto, (max-width: 584px) 100vw, 584px\" \/><\/a><\/p>\n<p><a href=\"http:\/\/ozvlna.org\/wp-content\/uploads\/2016\/02\/klubik4.jpg\"><img loading=\"lazy\" decoding=\"async\" class=\"aligncenter size-full wp-image-488\" src=\"http:\/\/ozvlna.org\/wp-content\/uploads\/2016\/02\/klubik4.jpg\" alt=\"klubik4\" width=\"659\" height=\"877\" srcset=\"https:\/\/ozvlna.org\/wp-content\/uploads\/2016\/02\/klubik4.jpg 659w, https:\/\/ozvlna.org\/wp-content\/uploads\/2016\/02\/klubik4-112x150.jpg 112w, https:\/\/ozvlna.org\/wp-content\/uploads\/2016\/02\/klubik4-225x300.jpg 225w\" sizes=\"auto, (max-width: 659px) 100vw, 659px\" \/><\/a><\/p>\n<p><a href=\"http:\/\/ozvlna.org\/wp-content\/uploads\/2016\/02\/klubik5.jpg\"><img loading=\"lazy\" decoding=\"async\" class=\"aligncenter size-large wp-image-489\" src=\"http:\/\/ozvlna.org\/wp-content\/uploads\/2016\/02\/klubik5-1024x768.jpg\" alt=\"klubik5\" width=\"584\" height=\"438\" srcset=\"https:\/\/ozvlna.org\/wp-content\/uploads\/2016\/02\/klubik5-1024x768.jpg 1024w, https:\/\/ozvlna.org\/wp-content\/uploads\/2016\/02\/klubik5-150x112.jpg 150w, https:\/\/ozvlna.org\/wp-content\/uploads\/2016\/02\/klubik5-300x225.jpg 300w, https:\/\/ozvlna.org\/wp-content\/uploads\/2016\/02\/klubik5-400x300.jpg 400w, https:\/\/ozvlna.org\/wp-content\/uploads\/2016\/02\/klubik5.jpg 1180w\" sizes=\"auto, (max-width: 584px) 100vw, 584px\" \/><\/a><\/p>\n<p><a href=\"http:\/\/ozvlna.org\/wp-content\/uploads\/2016\/02\/spd_logo-01.jpg\"><br \/>\n<\/a><\/p>\n","protected":false},"excerpt":{"rendered":"<p>Klub det\u00ed \u201eSrdce pre deti\u201c je snahou vytvori\u0165 pr\u00edjemn\u00e9 a podnetn\u00e9 prostredie pre rozvoj det\u00ed pred\u0161kolsk\u00e9ho veku (4-6 rokov) a\u00a0pomocou hry podporova\u0165 ich \u00faspe\u0161n\u00e9 za\u010dlenenie do rovesn\u00edckej skupiny. Je to kres\u0165ansk\u00fd klub so zameran\u00edm na v\u0161estrann\u00fd rozvoj die\u0165a\u0165a, hodnoty a\u00a0vz\u0165ahy &hellip; <a href=\"https:\/\/ozvlna.org\/?page_id=432\">Continue reading <span class=\"meta-nav\">&rarr;<\/span><\/a><\/p>\n","protected":false},"author":1,"featured_media":0,"parent":0,"menu_order":0,"comment_status":"closed","ping_status":"closed","template":"","meta":{"footnotes":""},"class_list":["post-432","page","type-page","status-publish","hentry"],"_links":{"self":[{"href":"https:\/\/ozvlna.org\/index.php?rest_route=\/wp\/v2\/pages\/432","targetHints":{"allow":["GET"]}}],"collection":[{"href":"https:\/\/ozvlna.org\/index.php?rest_route=\/wp\/v2\/pages"}],"about":[{"href":"https:\/\/ozvlna.org\/index.php?rest_route=\/wp\/v2\/types\/page"}],"author":[{"embeddable":true,"href":"https:\/\/ozvlna.org\/index.php?rest_route=\/wp\/v2\/users\/1"}],"replies":[{"embeddable":true,"href":"https:\/\/ozvlna.org\/index.php?rest_route=%2Fwp%2Fv2%2Fcomments&post=432"}],"version-history":[{"count":10,"href":"https:\/\/ozvlna.org\/index.php?rest_route=\/wp\/v2\/pages\/432\/revisions"}],"predecessor-version":[{"id":483,"href":"https:\/\/ozvlna.org\/index.php?rest_route=\/wp\/v2\/pages\/432\/revisions\/483"}],"wp:attachment":[{"href":"https:\/\/ozvlna.org\/index.php?rest_route=%2Fwp%2Fv2%2Fmedia&parent=432"}],"curies":[{"name":"wp","href":"https:\/\/api.w.org\/{rel}","templated":true}]}}