{"id":2,"date":"2012-05-02T08:58:58","date_gmt":"2012-05-02T08:58:58","guid":{"rendered":"http:\/\/ozvlna.org\/?page_id=2"},"modified":"2020-02-24T14:29:17","modified_gmt":"2020-02-24T13:29:17","slug":"sample-page","status":"publish","type":"page","link":"https:\/\/ozvlna.org\/","title":{"rendered":"Vitajte na str\u00e1nke ob\u010dianskeho zdru\u017eenia OZ VLNA!"},"content":{"rendered":"<p>Na\u0161e ob\u010dianske zdru\u017eenie OZ VLNA bolo zalo\u017een\u00e9 v roku 2011 za \u00fa\u010delom zastre\u0161enia spolo\u010dn\u00fdch aktiv\u00edt obyvate\u013eov \u010ciernej vody.<\/p>\n<p>Aktu\u00e1lnym projektom\u00a0je par\u010d\u00edk s klubov\u0148ou na ulici <strong>Janka Kr\u00e1\u013ea 20, Chorv\u00e1tsky Grob<\/strong>.<\/p>\n<p><strong><a href=\"http:\/\/ozvlna.org\/?p=661\" target=\"_blank\">Prev\u00e1dzkov\u00fd poriadok klubovne<\/a><\/strong><\/p>\n<p>Popri tejto \u010dinnosti realizujeme viacero vo\u013eno\u010dasov\u00fdch aktiv\u00edt ako napr\u00edklad<\/p>\n<ul>\n<li>letn\u00fd splav<\/li>\n<li>letn\u00fd rodinn\u00fd t\u00e1bor<\/li>\n<li>rodinn\u00e1 ly\u017eova\u010dka<\/li>\n<li>farsk\u00fd ples<\/li>\n<li>\u0161arkani\u00e1du<\/li>\n<li>ma\u013eovanie na chodn\u00edku<\/li>\n<li>spev\u00e1cke, maliarske a tane\u010dn\u00e9 kr\u00fa\u017eky<\/li>\n<li>h\u013eadanie pokladu<\/li>\n<li>mikul\u00e1\u0161<\/li>\n<li>jasli\u010dkov\u00e1 pobo\u017enos\u0165<\/li>\n<li>spev\u00e1cky zbor SKLZ<\/li>\n<\/ul>\n<p>Na www.ozvlna.org V\u00e1s budeme informova\u0165 o aktu\u00e1lnej \u010dinnosti zdru\u017eenia, z\u00e1rove\u0148 sa tu m\u00f4\u017eete akt\u00edvne zap\u00e1ja\u0165 svojimi pr\u00edspevkami.<\/p>\n<p><strong>Ivan Skalo\u0161, Karol Posluch, Peter Bilik, Zdenko Machala, Michal Kru\u017eliak, Rastislav \u017dembery, Peter Fula, Peter Schmidt<\/strong><br \/>\n(zakladaj\u00faci \u010dlenovia OZ VLNA)<\/p>\n<p>&nbsp;<\/p>\n<h1>Pripravujeme nov\u00fd Klub det\u00ed <a title=\"Klub det\u00ed Srdce pre deti\" href=\"http:\/\/ozvlna.org\/?page_id=432\">SRDCE PRE DETI<\/a><\/h1>\n<p><a href=\"http:\/\/ozvlna.org\/wp-content\/uploads\/2012\/05\/parcik1.png\"><img loading=\"lazy\" decoding=\"async\" class=\"aligncenter size-full wp-image-520\" src=\"http:\/\/ozvlna.org\/wp-content\/uploads\/2012\/05\/parcik1.png\" alt=\"parcik1\" width=\"999\" height=\"704\" srcset=\"https:\/\/ozvlna.org\/wp-content\/uploads\/2012\/05\/parcik1.png 999w, https:\/\/ozvlna.org\/wp-content\/uploads\/2012\/05\/parcik1-150x105.png 150w, https:\/\/ozvlna.org\/wp-content\/uploads\/2012\/05\/parcik1-300x211.png 300w, https:\/\/ozvlna.org\/wp-content\/uploads\/2012\/05\/parcik1-425x300.png 425w\" sizes=\"auto, (max-width: 999px) 100vw, 999px\" \/><\/a><\/p>\n<p><a href=\"http:\/\/ozvlna.org\/wp-content\/uploads\/2012\/05\/parcik2.png\"><img loading=\"lazy\" decoding=\"async\" class=\"aligncenter size-full wp-image-521\" src=\"http:\/\/ozvlna.org\/wp-content\/uploads\/2012\/05\/parcik2.png\" alt=\"parcik2\" width=\"996\" height=\"706\" srcset=\"https:\/\/ozvlna.org\/wp-content\/uploads\/2012\/05\/parcik2.png 996w, https:\/\/ozvlna.org\/wp-content\/uploads\/2012\/05\/parcik2-150x106.png 150w, https:\/\/ozvlna.org\/wp-content\/uploads\/2012\/05\/parcik2-300x212.png 300w, https:\/\/ozvlna.org\/wp-content\/uploads\/2012\/05\/parcik2-423x300.png 423w\" sizes=\"auto, (max-width: 996px) 100vw, 996px\" \/><\/a><\/p>\n<p>&nbsp;<\/p>\n<p>&nbsp;<\/p>\n","protected":false},"excerpt":{"rendered":"<p>Na\u0161e ob\u010dianske zdru\u017eenie OZ VLNA bolo zalo\u017een\u00e9 v roku 2011 za \u00fa\u010delom zastre\u0161enia spolo\u010dn\u00fdch aktiv\u00edt obyvate\u013eov \u010ciernej vody. Aktu\u00e1lnym projektom\u00a0je par\u010d\u00edk s klubov\u0148ou na ulici Janka Kr\u00e1\u013ea 20, Chorv\u00e1tsky Grob. Prev\u00e1dzkov\u00fd poriadok klubovne Popri tejto \u010dinnosti realizujeme viacero vo\u013eno\u010dasov\u00fdch aktiv\u00edt &hellip; <a href=\"https:\/\/ozvlna.org\/\">Continue reading <span class=\"meta-nav\">&rarr;<\/span><\/a><\/p>\n","protected":false},"author":1,"featured_media":0,"parent":0,"menu_order":1,"comment_status":"closed","ping_status":"open","template":"sidebar-page.php","meta":{"footnotes":""},"class_list":["post-2","page","type-page","status-publish","hentry"],"_links":{"self":[{"href":"https:\/\/ozvlna.org\/index.php?rest_route=\/wp\/v2\/pages\/2","targetHints":{"allow":["GET"]}}],"collection":[{"href":"https:\/\/ozvlna.org\/index.php?rest_route=\/wp\/v2\/pages"}],"about":[{"href":"https:\/\/ozvlna.org\/index.php?rest_route=\/wp\/v2\/types\/page"}],"author":[{"embeddable":true,"href":"https:\/\/ozvlna.org\/index.php?rest_route=\/wp\/v2\/users\/1"}],"replies":[{"embeddable":true,"href":"https:\/\/ozvlna.org\/index.php?rest_route=%2Fwp%2Fv2%2Fcomments&post=2"}],"version-history":[{"count":26,"href":"https:\/\/ozvlna.org\/index.php?rest_route=\/wp\/v2\/pages\/2\/revisions"}],"predecessor-version":[{"id":664,"href":"https:\/\/ozvlna.org\/index.php?rest_route=\/wp\/v2\/pages\/2\/revisions\/664"}],"wp:attachment":[{"href":"https:\/\/ozvlna.org\/index.php?rest_route=%2Fwp%2Fv2%2Fmedia&parent=2"}],"curies":[{"name":"wp","href":"https:\/\/api.w.org\/{rel}","templated":true}]}}