{"id":117,"date":"2012-10-26T14:20:17","date_gmt":"2012-10-26T13:20:17","guid":{"rendered":"http:\/\/ozvlna.org\/?page_id=117"},"modified":"2020-12-01T09:44:43","modified_gmt":"2020-12-01T08:44:43","slug":"kontakt","status":"publish","type":"page","link":"https:\/\/ozvlna.org\/?page_id=117","title":{"rendered":"Kontakt"},"content":{"rendered":"<div style=\"float: left; width: 300px;\"><b>Kontaktn\u00e1 adresa<\/b><br \/>\nOZ Vlna<br \/>\nBottova 20<br \/>\n900 25 Chorvatsky Grob<br \/>\nemail: schmidt@ozvlna.org<\/p>\n<\/div>\n<div><b>Kontaktn\u00e9 osoby<\/b><br \/>\nPredseda zdru\u017eenia: Peter Schmidt<br \/>\nPodpredseda zdru\u017eenia: Jaroslav Kling<\/div>\n<div style=\"clear: both;\">\n<p>I\u010cO: 42256569<br \/>\nDI\u010c: 2023368820<br \/>\nBanka \u010cSOB \u010d\u00edslo \u00fa\u010dtu: 4014727524 \/ 7500<br \/>\nIBAN: SK05 7500 0000 0040 1472 7524<\/p>\n<\/div>\n","protected":false},"excerpt":{"rendered":"<p>Kontaktn\u00e1 adresa OZ Vlna Bottova 20 900 25 Chorvatsky Grob email: schmidt@ozvlna.org Kontaktn\u00e9 osoby Predseda zdru\u017eenia: Peter Schmidt Podpredseda zdru\u017eenia: Jaroslav Kling I\u010cO: 42256569 DI\u010c: 2023368820 Banka \u010cSOB \u010d\u00edslo \u00fa\u010dtu: 4014727524 \/ 7500 IBAN: SK05 7500 0000 0040 1472 7524<\/p>\n","protected":false},"author":1,"featured_media":0,"parent":0,"menu_order":0,"comment_status":"closed","ping_status":"open","template":"","meta":{"footnotes":""},"class_list":["post-117","page","type-page","status-publish","hentry"],"_links":{"self":[{"href":"https:\/\/ozvlna.org\/index.php?rest_route=\/wp\/v2\/pages\/117","targetHints":{"allow":["GET"]}}],"collection":[{"href":"https:\/\/ozvlna.org\/index.php?rest_route=\/wp\/v2\/pages"}],"about":[{"href":"https:\/\/ozvlna.org\/index.php?rest_route=\/wp\/v2\/types\/page"}],"author":[{"embeddable":true,"href":"https:\/\/ozvlna.org\/index.php?rest_route=\/wp\/v2\/users\/1"}],"replies":[{"embeddable":true,"href":"https:\/\/ozvlna.org\/index.php?rest_route=%2Fwp%2Fv2%2Fcomments&post=117"}],"version-history":[{"count":23,"href":"https:\/\/ozvlna.org\/index.php?rest_route=\/wp\/v2\/pages\/117\/revisions"}],"predecessor-version":[{"id":680,"href":"https:\/\/ozvlna.org\/index.php?rest_route=\/wp\/v2\/pages\/117\/revisions\/680"}],"wp:attachment":[{"href":"https:\/\/ozvlna.org\/index.php?rest_route=%2Fwp%2Fv2%2Fmedia&parent=117"}],"curies":[{"name":"wp","href":"https:\/\/api.w.org\/{rel}","templated":true}]}}